{"id":4595,"date":"2022-04-19T07:57:07","date_gmt":"2022-04-19T07:57:07","guid":{"rendered":"https:\/\/galloromeinsmuseum.be\/historiek\/"},"modified":"2025-12-03T15:37:47","modified_gmt":"2025-12-03T15:37:47","slug":"geschichte","status":"publish","type":"page","link":"https:\/\/galloromeinsmuseum.be\/de\/geschichte\/","title":{"rendered":"Geschichte"},"content":{"rendered":"<p>Heute ist das Gallo-R\u00f6mische Museum eines der besten arch\u00e4ologischen Museen Europas. Der Grundstein daf\u00fcr wurde vor mehr als 150 Jahren gelegt. Vor allem ab den 1990er Jahren gewann der Ausbau des Museums an Dynamik. Lesen Sie hier mehr \u00fcber die Geschichte des Museums.<\/p>\n","protected":false},"excerpt":{"rendered":"<p>Heute ist das Gallo-R\u00f6mische Museum eines der besten arch\u00e4ologischen Museen Europas. Der Grundstein daf\u00fcr wurde vor mehr als 150 Jahren gelegt. Vor allem ab den 1990er Jahren gewann der Ausbau des Museums an Dynamik. Lesen Sie hier mehr \u00fcber die Geschichte des Museums.<\/p>\n","protected":false},"author":9,"featured_media":1765,"parent":0,"menu_order":0,"comment_status":"closed","ping_status":"closed","template":"page-detail.php","meta":{"_acf_changed":false,"footnotes":""},"class_list":["post-4595","page","type-page","status-publish","has-post-thumbnail","hentry"],"acf":[],"yoast_head":"<!-- This site is optimized with the Yoast SEO plugin v27.3 - https:\/\/yoast.com\/product\/yoast-seo-wordpress\/ -->\n<title>Geschichte - Gallo-Romeins Museum<\/title>\n<meta name=\"description\" content=\"Lees hier meer over de geschiedenis van het Gallo-Romeins Museum, waarvoor de basis meer dan 150 jaar geleden werd gelegd.\" \/>\n<meta name=\"robots\" content=\"index, follow, max-snippet:-1, max-image-preview:large, max-video-preview:-1\" \/>\n<link rel=\"canonical\" href=\"https:\/\/galloromeinsmuseum.be\/de\/geschichte\/\" \/>\n<meta property=\"og:locale\" content=\"de_DE\" \/>\n<meta property=\"og:type\" content=\"article\" \/>\n<meta property=\"og:title\" content=\"Geschichte - Gallo-Romeins Museum\" \/>\n<meta property=\"og:description\" content=\"Lees hier meer over de geschiedenis van het Gallo-Romeins Museum, waarvoor de basis meer dan 150 jaar geleden werd gelegd.\" \/>\n<meta property=\"og:url\" content=\"https:\/\/galloromeinsmuseum.be\/de\/geschichte\/\" \/>\n<meta property=\"og:site_name\" content=\"Gallo-Romeins Museum\" \/>\n<meta property=\"article:publisher\" content=\"https:\/\/nl-nl.facebook.com\/galloromeinsmuseum\" \/>\n<meta property=\"article:modified_time\" content=\"2025-12-03T15:37:47+00:00\" \/>\n<meta property=\"og:image\" content=\"https:\/\/galloromeinsmuseum.be\/wp-content\/uploads\/2022\/07\/GRM_-LD_19335-scaled.jpg\" \/>\n\t<meta property=\"og:image:width\" content=\"2560\" \/>\n\t<meta property=\"og:image:height\" content=\"1013\" \/>\n\t<meta property=\"og:image:type\" content=\"image\/jpeg\" \/>\n<meta name=\"twitter:card\" content=\"summary_large_image\" \/>\n<meta name=\"twitter:label1\" content=\"Gesch\u00e4tzte Lesezeit\" \/>\n\t<meta name=\"twitter:data1\" content=\"1\u00a0Minute\" \/>\n<script type=\"application\/ld+json\" class=\"yoast-schema-graph\">{\"@context\":\"https:\\\/\\\/schema.org\",\"@graph\":[{\"@type\":\"WebPage\",\"@id\":\"https:\\\/\\\/galloromeinsmuseum.be\\\/de\\\/geschichte\\\/\",\"url\":\"https:\\\/\\\/galloromeinsmuseum.be\\\/de\\\/geschichte\\\/\",\"name\":\"Geschichte - Gallo-Romeins Museum\",\"isPartOf\":{\"@id\":\"https:\\\/\\\/galloromeinsmuseum.be\\\/de\\\/#website\"},\"primaryImageOfPage\":{\"@id\":\"https:\\\/\\\/galloromeinsmuseum.be\\\/de\\\/geschichte\\\/#primaryimage\"},\"image\":{\"@id\":\"https:\\\/\\\/galloromeinsmuseum.be\\\/de\\\/geschichte\\\/#primaryimage\"},\"thumbnailUrl\":\"https:\\\/\\\/galloromeinsmuseum.be\\\/wp-content\\\/uploads\\\/2022\\\/07\\\/GRM_-LD_19335-scaled.jpg\",\"datePublished\":\"2022-04-19T07:57:07+00:00\",\"dateModified\":\"2025-12-03T15:37:47+00:00\",\"description\":\"Lees hier meer over de geschiedenis van het Gallo-Romeins Museum, waarvoor de basis meer dan 150 jaar geleden werd gelegd.\",\"breadcrumb\":{\"@id\":\"https:\\\/\\\/galloromeinsmuseum.be\\\/de\\\/geschichte\\\/#breadcrumb\"},\"inLanguage\":\"de\",\"potentialAction\":[{\"@type\":\"ReadAction\",\"target\":[\"https:\\\/\\\/galloromeinsmuseum.be\\\/de\\\/geschichte\\\/\"]}]},{\"@type\":\"ImageObject\",\"inLanguage\":\"de\",\"@id\":\"https:\\\/\\\/galloromeinsmuseum.be\\\/de\\\/geschichte\\\/#primaryimage\",\"url\":\"https:\\\/\\\/galloromeinsmuseum.be\\\/wp-content\\\/uploads\\\/2022\\\/07\\\/GRM_-LD_19335-scaled.jpg\",\"contentUrl\":\"https:\\\/\\\/galloromeinsmuseum.be\\\/wp-content\\\/uploads\\\/2022\\\/07\\\/GRM_-LD_19335-scaled.jpg\",\"width\":2560,\"height\":1013,\"caption\":\"GRM\"},{\"@type\":\"BreadcrumbList\",\"@id\":\"https:\\\/\\\/galloromeinsmuseum.be\\\/de\\\/geschichte\\\/#breadcrumb\",\"itemListElement\":[{\"@type\":\"ListItem\",\"position\":1,\"name\":\"Home\",\"item\":\"https:\\\/\\\/galloromeinsmuseum.be\\\/de\\\/\"},{\"@type\":\"ListItem\",\"position\":2,\"name\":\"Geschichte\"}]},{\"@type\":\"WebSite\",\"@id\":\"https:\\\/\\\/galloromeinsmuseum.be\\\/de\\\/#website\",\"url\":\"https:\\\/\\\/galloromeinsmuseum.be\\\/de\\\/\",\"name\":\"Gallo-Romeins Museum\",\"description\":\"Ontdek het Gallo-Romeins Museum in Tongeren\",\"publisher\":{\"@id\":\"https:\\\/\\\/galloromeinsmuseum.be\\\/de\\\/#organization\"},\"potentialAction\":[{\"@type\":\"SearchAction\",\"target\":{\"@type\":\"EntryPoint\",\"urlTemplate\":\"https:\\\/\\\/galloromeinsmuseum.be\\\/de\\\/?s={search_term_string}\"},\"query-input\":{\"@type\":\"PropertyValueSpecification\",\"valueRequired\":true,\"valueName\":\"search_term_string\"}}],\"inLanguage\":\"de\"},{\"@type\":\"Organization\",\"@id\":\"https:\\\/\\\/galloromeinsmuseum.be\\\/de\\\/#organization\",\"name\":\"Gallo-Romeins Museum\",\"url\":\"https:\\\/\\\/galloromeinsmuseum.be\\\/de\\\/\",\"logo\":{\"@type\":\"ImageObject\",\"inLanguage\":\"de\",\"@id\":\"https:\\\/\\\/galloromeinsmuseum.be\\\/de\\\/#\\\/schema\\\/logo\\\/image\\\/\",\"url\":\"https:\\\/\\\/galloromeinsmuseum.be\\\/wp-content\\\/uploads\\\/2022\\\/08\\\/277797852_495797988743765_8794301205321162354_n.jpg\",\"contentUrl\":\"https:\\\/\\\/galloromeinsmuseum.be\\\/wp-content\\\/uploads\\\/2022\\\/08\\\/277797852_495797988743765_8794301205321162354_n.jpg\",\"width\":181,\"height\":263,\"caption\":\"Gallo-Romeins Museum\"},\"image\":{\"@id\":\"https:\\\/\\\/galloromeinsmuseum.be\\\/de\\\/#\\\/schema\\\/logo\\\/image\\\/\"},\"sameAs\":[\"https:\\\/\\\/nl-nl.facebook.com\\\/galloromeinsmuseum\"]}]}<\/script>\n<!-- \/ Yoast SEO plugin. -->","yoast_head_json":{"title":"Geschichte - Gallo-Romeins Museum","description":"Lees hier meer over de geschiedenis van het Gallo-Romeins Museum, waarvoor de basis meer dan 150 jaar geleden werd gelegd.","robots":{"index":"index","follow":"follow","max-snippet":"max-snippet:-1","max-image-preview":"max-image-preview:large","max-video-preview":"max-video-preview:-1"},"canonical":"https:\/\/galloromeinsmuseum.be\/de\/geschichte\/","og_locale":"de_DE","og_type":"article","og_title":"Geschichte - Gallo-Romeins Museum","og_description":"Lees hier meer over de geschiedenis van het Gallo-Romeins Museum, waarvoor de basis meer dan 150 jaar geleden werd gelegd.","og_url":"https:\/\/galloromeinsmuseum.be\/de\/geschichte\/","og_site_name":"Gallo-Romeins Museum","article_publisher":"https:\/\/nl-nl.facebook.com\/galloromeinsmuseum","article_modified_time":"2025-12-03T15:37:47+00:00","og_image":[{"width":2560,"height":1013,"url":"https:\/\/galloromeinsmuseum.be\/wp-content\/uploads\/2022\/07\/GRM_-LD_19335-scaled.jpg","type":"image\/jpeg"}],"twitter_card":"summary_large_image","twitter_misc":{"Gesch\u00e4tzte Lesezeit":"1\u00a0Minute"},"schema":{"@context":"https:\/\/schema.org","@graph":[{"@type":"WebPage","@id":"https:\/\/galloromeinsmuseum.be\/de\/geschichte\/","url":"https:\/\/galloromeinsmuseum.be\/de\/geschichte\/","name":"Geschichte - Gallo-Romeins Museum","isPartOf":{"@id":"https:\/\/galloromeinsmuseum.be\/de\/#website"},"primaryImageOfPage":{"@id":"https:\/\/galloromeinsmuseum.be\/de\/geschichte\/#primaryimage"},"image":{"@id":"https:\/\/galloromeinsmuseum.be\/de\/geschichte\/#primaryimage"},"thumbnailUrl":"https:\/\/galloromeinsmuseum.be\/wp-content\/uploads\/2022\/07\/GRM_-LD_19335-scaled.jpg","datePublished":"2022-04-19T07:57:07+00:00","dateModified":"2025-12-03T15:37:47+00:00","description":"Lees hier meer over de geschiedenis van het Gallo-Romeins Museum, waarvoor de basis meer dan 150 jaar geleden werd gelegd.","breadcrumb":{"@id":"https:\/\/galloromeinsmuseum.be\/de\/geschichte\/#breadcrumb"},"inLanguage":"de","potentialAction":[{"@type":"ReadAction","target":["https:\/\/galloromeinsmuseum.be\/de\/geschichte\/"]}]},{"@type":"ImageObject","inLanguage":"de","@id":"https:\/\/galloromeinsmuseum.be\/de\/geschichte\/#primaryimage","url":"https:\/\/galloromeinsmuseum.be\/wp-content\/uploads\/2022\/07\/GRM_-LD_19335-scaled.jpg","contentUrl":"https:\/\/galloromeinsmuseum.be\/wp-content\/uploads\/2022\/07\/GRM_-LD_19335-scaled.jpg","width":2560,"height":1013,"caption":"GRM"},{"@type":"BreadcrumbList","@id":"https:\/\/galloromeinsmuseum.be\/de\/geschichte\/#breadcrumb","itemListElement":[{"@type":"ListItem","position":1,"name":"Home","item":"https:\/\/galloromeinsmuseum.be\/de\/"},{"@type":"ListItem","position":2,"name":"Geschichte"}]},{"@type":"WebSite","@id":"https:\/\/galloromeinsmuseum.be\/de\/#website","url":"https:\/\/galloromeinsmuseum.be\/de\/","name":"Gallo-Romeins Museum","description":"Ontdek het Gallo-Romeins Museum in Tongeren","publisher":{"@id":"https:\/\/galloromeinsmuseum.be\/de\/#organization"},"potentialAction":[{"@type":"SearchAction","target":{"@type":"EntryPoint","urlTemplate":"https:\/\/galloromeinsmuseum.be\/de\/?s={search_term_string}"},"query-input":{"@type":"PropertyValueSpecification","valueRequired":true,"valueName":"search_term_string"}}],"inLanguage":"de"},{"@type":"Organization","@id":"https:\/\/galloromeinsmuseum.be\/de\/#organization","name":"Gallo-Romeins Museum","url":"https:\/\/galloromeinsmuseum.be\/de\/","logo":{"@type":"ImageObject","inLanguage":"de","@id":"https:\/\/galloromeinsmuseum.be\/de\/#\/schema\/logo\/image\/","url":"https:\/\/galloromeinsmuseum.be\/wp-content\/uploads\/2022\/08\/277797852_495797988743765_8794301205321162354_n.jpg","contentUrl":"https:\/\/galloromeinsmuseum.be\/wp-content\/uploads\/2022\/08\/277797852_495797988743765_8794301205321162354_n.jpg","width":181,"height":263,"caption":"Gallo-Romeins Museum"},"image":{"@id":"https:\/\/galloromeinsmuseum.be\/de\/#\/schema\/logo\/image\/"},"sameAs":["https:\/\/nl-nl.facebook.com\/galloromeinsmuseum"]}]}},"_links":{"self":[{"href":"https:\/\/galloromeinsmuseum.be\/de\/wp-json\/wp\/v2\/pages\/4595","targetHints":{"allow":["GET"]}}],"collection":[{"href":"https:\/\/galloromeinsmuseum.be\/de\/wp-json\/wp\/v2\/pages"}],"about":[{"href":"https:\/\/galloromeinsmuseum.be\/de\/wp-json\/wp\/v2\/types\/page"}],"author":[{"embeddable":true,"href":"https:\/\/galloromeinsmuseum.be\/de\/wp-json\/wp\/v2\/users\/9"}],"replies":[{"embeddable":true,"href":"https:\/\/galloromeinsmuseum.be\/de\/wp-json\/wp\/v2\/comments?post=4595"}],"version-history":[{"count":5,"href":"https:\/\/galloromeinsmuseum.be\/de\/wp-json\/wp\/v2\/pages\/4595\/revisions"}],"predecessor-version":[{"id":17136,"href":"https:\/\/galloromeinsmuseum.be\/de\/wp-json\/wp\/v2\/pages\/4595\/revisions\/17136"}],"wp:featuredmedia":[{"embeddable":true,"href":"https:\/\/galloromeinsmuseum.be\/de\/wp-json\/wp\/v2\/media\/1765"}],"wp:attachment":[{"href":"https:\/\/galloromeinsmuseum.be\/de\/wp-json\/wp\/v2\/media?parent=4595"}],"curies":[{"name":"wp","href":"https:\/\/api.w.org\/{rel}","templated":true}]}}