{"id":4764,"date":"2022-08-10T09:14:23","date_gmt":"2022-08-10T09:14:23","guid":{"rendered":"https:\/\/galloromeinsmuseum.be\/museumpas\/"},"modified":"2025-03-18T09:48:55","modified_gmt":"2025-03-18T09:48:55","slug":"museumpas","status":"publish","type":"page","link":"https:\/\/galloromeinsmuseum.be\/de\/museumpas\/","title":{"rendered":"Museumpas"},"content":{"rendered":"<p>Besuchen Sie oft Museen? Kaufen Sie sich dann einen Museumpass. F\u00fcr 64,95 Euro k\u00f6nnen Sie damit ein Jahr lang \u00fcber 240 belgische Museen besuchen. Auch das Gallo-R\u00f6mische Museum macht mit.<\/p>\n","protected":false},"excerpt":{"rendered":"<p>Besuchen Sie oft Museen? Kaufen Sie sich dann einen Museumpass. F\u00fcr 64,95 Euro k\u00f6nnen Sie damit ein Jahr lang \u00fcber 240 belgische Museen besuchen. Auch das Gallo-R\u00f6mische Museum macht mit.<\/p>\n","protected":false},"author":2,"featured_media":17914,"parent":0,"menu_order":0,"comment_status":"closed","ping_status":"closed","template":"","meta":{"_acf_changed":false,"footnotes":""},"class_list":["post-4764","page","type-page","status-publish","has-post-thumbnail","hentry"],"acf":[],"yoast_head":"<!-- This site is optimized with the Yoast SEO plugin v27.4 - https:\/\/yoast.com\/product\/yoast-seo-wordpress\/ -->\n<title>Museumpas - Gallo-Romeins Museum<\/title>\n<meta name=\"description\" content=\"Bezoek je vaak musea? Koop dan een museumpas! Voor 59 euro krijg je een jaar lang toegang tot meer dan 150 Belgische musea.\" \/>\n<meta name=\"robots\" content=\"index, follow, max-snippet:-1, max-image-preview:large, max-video-preview:-1\" \/>\n<link rel=\"canonical\" href=\"https:\/\/galloromeinsmuseum.be\/de\/museumpas\/\" \/>\n<meta property=\"og:locale\" content=\"de_DE\" \/>\n<meta property=\"og:type\" content=\"article\" \/>\n<meta property=\"og:title\" content=\"Museumpas - Gallo-Romeins Museum\" \/>\n<meta property=\"og:description\" content=\"Bezoek je vaak musea? Koop dan een museumpas! Voor 59 euro krijg je een jaar lang toegang tot meer dan 150 Belgische musea.\" \/>\n<meta property=\"og:url\" content=\"https:\/\/galloromeinsmuseum.be\/de\/museumpas\/\" \/>\n<meta property=\"og:site_name\" content=\"Gallo-Romeins Museum\" \/>\n<meta property=\"article:publisher\" content=\"https:\/\/nl-nl.facebook.com\/galloromeinsmuseum\" \/>\n<meta property=\"article:modified_time\" content=\"2025-03-18T09:48:55+00:00\" \/>\n<meta property=\"og:image\" content=\"https:\/\/galloromeinsmuseum.be\/wp-content\/uploads\/2022\/08\/QrIbfUUJiNFyBQlsshd5.png\" \/>\n\t<meta property=\"og:image:width\" content=\"1200\" \/>\n\t<meta property=\"og:image:height\" content=\"628\" \/>\n\t<meta property=\"og:image:type\" content=\"image\/png\" \/>\n<meta name=\"twitter:card\" content=\"summary_large_image\" \/>\n<meta name=\"twitter:label1\" content=\"Gesch\u00e4tzte Lesezeit\" \/>\n\t<meta name=\"twitter:data1\" content=\"1\u00a0Minute\" \/>\n<script type=\"application\/ld+json\" class=\"yoast-schema-graph\">{\"@context\":\"https:\\\/\\\/schema.org\",\"@graph\":[{\"@type\":\"WebPage\",\"@id\":\"https:\\\/\\\/galloromeinsmuseum.be\\\/de\\\/museumpas\\\/\",\"url\":\"https:\\\/\\\/galloromeinsmuseum.be\\\/de\\\/museumpas\\\/\",\"name\":\"Museumpas - Gallo-Romeins Museum\",\"isPartOf\":{\"@id\":\"https:\\\/\\\/galloromeinsmuseum.be\\\/de\\\/#website\"},\"primaryImageOfPage\":{\"@id\":\"https:\\\/\\\/galloromeinsmuseum.be\\\/de\\\/museumpas\\\/#primaryimage\"},\"image\":{\"@id\":\"https:\\\/\\\/galloromeinsmuseum.be\\\/de\\\/museumpas\\\/#primaryimage\"},\"thumbnailUrl\":\"https:\\\/\\\/galloromeinsmuseum.be\\\/wp-content\\\/uploads\\\/2026\\\/04\\\/museumpas768x450.png\",\"datePublished\":\"2022-08-10T09:14:23+00:00\",\"dateModified\":\"2025-03-18T09:48:55+00:00\",\"description\":\"Bezoek je vaak musea? Koop dan een museumpas! Voor 59 euro krijg je een jaar lang toegang tot meer dan 150 Belgische musea.\",\"breadcrumb\":{\"@id\":\"https:\\\/\\\/galloromeinsmuseum.be\\\/de\\\/museumpas\\\/#breadcrumb\"},\"inLanguage\":\"de\",\"potentialAction\":[{\"@type\":\"ReadAction\",\"target\":[\"https:\\\/\\\/galloromeinsmuseum.be\\\/de\\\/museumpas\\\/\"]}]},{\"@type\":\"ImageObject\",\"inLanguage\":\"de\",\"@id\":\"https:\\\/\\\/galloromeinsmuseum.be\\\/de\\\/museumpas\\\/#primaryimage\",\"url\":\"https:\\\/\\\/galloromeinsmuseum.be\\\/wp-content\\\/uploads\\\/2026\\\/04\\\/museumpas768x450.png\",\"contentUrl\":\"https:\\\/\\\/galloromeinsmuseum.be\\\/wp-content\\\/uploads\\\/2026\\\/04\\\/museumpas768x450.png\",\"width\":1600,\"height\":1000},{\"@type\":\"BreadcrumbList\",\"@id\":\"https:\\\/\\\/galloromeinsmuseum.be\\\/de\\\/museumpas\\\/#breadcrumb\",\"itemListElement\":[{\"@type\":\"ListItem\",\"position\":1,\"name\":\"Home\",\"item\":\"https:\\\/\\\/galloromeinsmuseum.be\\\/de\\\/\"},{\"@type\":\"ListItem\",\"position\":2,\"name\":\"Museumpas\"}]},{\"@type\":\"WebSite\",\"@id\":\"https:\\\/\\\/galloromeinsmuseum.be\\\/de\\\/#website\",\"url\":\"https:\\\/\\\/galloromeinsmuseum.be\\\/de\\\/\",\"name\":\"Gallo-Romeins Museum\",\"description\":\"Ontdek het Gallo-Romeins Museum in Tongeren\",\"publisher\":{\"@id\":\"https:\\\/\\\/galloromeinsmuseum.be\\\/de\\\/#organization\"},\"potentialAction\":[{\"@type\":\"SearchAction\",\"target\":{\"@type\":\"EntryPoint\",\"urlTemplate\":\"https:\\\/\\\/galloromeinsmuseum.be\\\/de\\\/?s={search_term_string}\"},\"query-input\":{\"@type\":\"PropertyValueSpecification\",\"valueRequired\":true,\"valueName\":\"search_term_string\"}}],\"inLanguage\":\"de\"},{\"@type\":\"Organization\",\"@id\":\"https:\\\/\\\/galloromeinsmuseum.be\\\/de\\\/#organization\",\"name\":\"Gallo-Romeins Museum\",\"url\":\"https:\\\/\\\/galloromeinsmuseum.be\\\/de\\\/\",\"logo\":{\"@type\":\"ImageObject\",\"inLanguage\":\"de\",\"@id\":\"https:\\\/\\\/galloromeinsmuseum.be\\\/de\\\/#\\\/schema\\\/logo\\\/image\\\/\",\"url\":\"https:\\\/\\\/galloromeinsmuseum.be\\\/wp-content\\\/uploads\\\/2022\\\/08\\\/277797852_495797988743765_8794301205321162354_n.jpg\",\"contentUrl\":\"https:\\\/\\\/galloromeinsmuseum.be\\\/wp-content\\\/uploads\\\/2022\\\/08\\\/277797852_495797988743765_8794301205321162354_n.jpg\",\"width\":181,\"height\":263,\"caption\":\"Gallo-Romeins Museum\"},\"image\":{\"@id\":\"https:\\\/\\\/galloromeinsmuseum.be\\\/de\\\/#\\\/schema\\\/logo\\\/image\\\/\"},\"sameAs\":[\"https:\\\/\\\/nl-nl.facebook.com\\\/galloromeinsmuseum\"]}]}<\/script>\n<!-- \/ Yoast SEO plugin. -->","yoast_head_json":{"title":"Museumpas - Gallo-Romeins Museum","description":"Bezoek je vaak musea? Koop dan een museumpas! Voor 59 euro krijg je een jaar lang toegang tot meer dan 150 Belgische musea.","robots":{"index":"index","follow":"follow","max-snippet":"max-snippet:-1","max-image-preview":"max-image-preview:large","max-video-preview":"max-video-preview:-1"},"canonical":"https:\/\/galloromeinsmuseum.be\/de\/museumpas\/","og_locale":"de_DE","og_type":"article","og_title":"Museumpas - Gallo-Romeins Museum","og_description":"Bezoek je vaak musea? Koop dan een museumpas! Voor 59 euro krijg je een jaar lang toegang tot meer dan 150 Belgische musea.","og_url":"https:\/\/galloromeinsmuseum.be\/de\/museumpas\/","og_site_name":"Gallo-Romeins Museum","article_publisher":"https:\/\/nl-nl.facebook.com\/galloromeinsmuseum","article_modified_time":"2025-03-18T09:48:55+00:00","og_image":[{"width":1200,"height":628,"url":"https:\/\/galloromeinsmuseum.be\/wp-content\/uploads\/2022\/08\/QrIbfUUJiNFyBQlsshd5.png","type":"image\/png"}],"twitter_card":"summary_large_image","twitter_misc":{"Gesch\u00e4tzte Lesezeit":"1\u00a0Minute"},"schema":{"@context":"https:\/\/schema.org","@graph":[{"@type":"WebPage","@id":"https:\/\/galloromeinsmuseum.be\/de\/museumpas\/","url":"https:\/\/galloromeinsmuseum.be\/de\/museumpas\/","name":"Museumpas - Gallo-Romeins Museum","isPartOf":{"@id":"https:\/\/galloromeinsmuseum.be\/de\/#website"},"primaryImageOfPage":{"@id":"https:\/\/galloromeinsmuseum.be\/de\/museumpas\/#primaryimage"},"image":{"@id":"https:\/\/galloromeinsmuseum.be\/de\/museumpas\/#primaryimage"},"thumbnailUrl":"https:\/\/galloromeinsmuseum.be\/wp-content\/uploads\/2026\/04\/museumpas768x450.png","datePublished":"2022-08-10T09:14:23+00:00","dateModified":"2025-03-18T09:48:55+00:00","description":"Bezoek je vaak musea? Koop dan een museumpas! Voor 59 euro krijg je een jaar lang toegang tot meer dan 150 Belgische musea.","breadcrumb":{"@id":"https:\/\/galloromeinsmuseum.be\/de\/museumpas\/#breadcrumb"},"inLanguage":"de","potentialAction":[{"@type":"ReadAction","target":["https:\/\/galloromeinsmuseum.be\/de\/museumpas\/"]}]},{"@type":"ImageObject","inLanguage":"de","@id":"https:\/\/galloromeinsmuseum.be\/de\/museumpas\/#primaryimage","url":"https:\/\/galloromeinsmuseum.be\/wp-content\/uploads\/2026\/04\/museumpas768x450.png","contentUrl":"https:\/\/galloromeinsmuseum.be\/wp-content\/uploads\/2026\/04\/museumpas768x450.png","width":1600,"height":1000},{"@type":"BreadcrumbList","@id":"https:\/\/galloromeinsmuseum.be\/de\/museumpas\/#breadcrumb","itemListElement":[{"@type":"ListItem","position":1,"name":"Home","item":"https:\/\/galloromeinsmuseum.be\/de\/"},{"@type":"ListItem","position":2,"name":"Museumpas"}]},{"@type":"WebSite","@id":"https:\/\/galloromeinsmuseum.be\/de\/#website","url":"https:\/\/galloromeinsmuseum.be\/de\/","name":"Gallo-Romeins Museum","description":"Ontdek het Gallo-Romeins Museum in Tongeren","publisher":{"@id":"https:\/\/galloromeinsmuseum.be\/de\/#organization"},"potentialAction":[{"@type":"SearchAction","target":{"@type":"EntryPoint","urlTemplate":"https:\/\/galloromeinsmuseum.be\/de\/?s={search_term_string}"},"query-input":{"@type":"PropertyValueSpecification","valueRequired":true,"valueName":"search_term_string"}}],"inLanguage":"de"},{"@type":"Organization","@id":"https:\/\/galloromeinsmuseum.be\/de\/#organization","name":"Gallo-Romeins Museum","url":"https:\/\/galloromeinsmuseum.be\/de\/","logo":{"@type":"ImageObject","inLanguage":"de","@id":"https:\/\/galloromeinsmuseum.be\/de\/#\/schema\/logo\/image\/","url":"https:\/\/galloromeinsmuseum.be\/wp-content\/uploads\/2022\/08\/277797852_495797988743765_8794301205321162354_n.jpg","contentUrl":"https:\/\/galloromeinsmuseum.be\/wp-content\/uploads\/2022\/08\/277797852_495797988743765_8794301205321162354_n.jpg","width":181,"height":263,"caption":"Gallo-Romeins Museum"},"image":{"@id":"https:\/\/galloromeinsmuseum.be\/de\/#\/schema\/logo\/image\/"},"sameAs":["https:\/\/nl-nl.facebook.com\/galloromeinsmuseum"]}]}},"_links":{"self":[{"href":"https:\/\/galloromeinsmuseum.be\/de\/wp-json\/wp\/v2\/pages\/4764","targetHints":{"allow":["GET"]}}],"collection":[{"href":"https:\/\/galloromeinsmuseum.be\/de\/wp-json\/wp\/v2\/pages"}],"about":[{"href":"https:\/\/galloromeinsmuseum.be\/de\/wp-json\/wp\/v2\/types\/page"}],"author":[{"embeddable":true,"href":"https:\/\/galloromeinsmuseum.be\/de\/wp-json\/wp\/v2\/users\/2"}],"replies":[{"embeddable":true,"href":"https:\/\/galloromeinsmuseum.be\/de\/wp-json\/wp\/v2\/comments?post=4764"}],"version-history":[{"count":5,"href":"https:\/\/galloromeinsmuseum.be\/de\/wp-json\/wp\/v2\/pages\/4764\/revisions"}],"predecessor-version":[{"id":14537,"href":"https:\/\/galloromeinsmuseum.be\/de\/wp-json\/wp\/v2\/pages\/4764\/revisions\/14537"}],"wp:featuredmedia":[{"embeddable":true,"href":"https:\/\/galloromeinsmuseum.be\/de\/wp-json\/wp\/v2\/media\/17914"}],"wp:attachment":[{"href":"https:\/\/galloromeinsmuseum.be\/de\/wp-json\/wp\/v2\/media?parent=4764"}],"curies":[{"name":"wp","href":"https:\/\/api.w.org\/{rel}","templated":true}]}}