{"id":12501,"date":"2022-04-19T14:05:16","date_gmt":"2022-04-19T14:05:16","guid":{"rendered":"https:\/\/galloromeinsmuseum.be\/privacyverklaring\/"},"modified":"2025-01-29T13:24:08","modified_gmt":"2025-01-29T13:24:08","slug":"declaration-de-confidentialite","status":"publish","type":"page","link":"https:\/\/galloromeinsmuseum.be\/fr\/declaration-de-confidentialite\/","title":{"rendered":"D\u00e9claration de confidentialit\u00e9"},"content":{"rendered":"<p>Lisez ici la d\u00e9claration de confidentialit\u00e9 du Mus\u00e9e Gallo-Romain et de la Ville de Tongres.<\/p>\n","protected":false},"excerpt":{"rendered":"<p>Lisez ici la d\u00e9claration de confidentialit\u00e9 du Mus\u00e9e Gallo-Romain et de la Ville de Tongres.<\/p>\n","protected":false},"author":9,"featured_media":3634,"parent":0,"menu_order":0,"comment_status":"closed","ping_status":"closed","template":"page-detail.php","meta":{"_acf_changed":false,"footnotes":""},"class_list":["post-12501","page","type-page","status-publish","has-post-thumbnail","hentry"],"acf":[],"yoast_head":"<!-- This site is optimized with the Yoast SEO plugin v27.4 - https:\/\/yoast.com\/product\/yoast-seo-wordpress\/ -->\n<title>D\u00e9claration de confidentialit\u00e9 - Gallo-Romeins Museum<\/title>\n<meta name=\"description\" content=\"Lees hier de privacyverklaring van het Gallo-Romeins Museum en Stad Tongeren.\" \/>\n<meta name=\"robots\" content=\"index, follow, max-snippet:-1, max-image-preview:large, max-video-preview:-1\" \/>\n<link rel=\"canonical\" href=\"https:\/\/galloromeinsmuseum.be\/fr\/declaration-de-confidentialite\/\" \/>\n<meta property=\"og:locale\" content=\"fr_FR\" \/>\n<meta property=\"og:type\" content=\"article\" \/>\n<meta property=\"og:title\" content=\"D\u00e9claration de confidentialit\u00e9 - Gallo-Romeins Museum\" \/>\n<meta property=\"og:description\" content=\"Lees hier de privacyverklaring van het Gallo-Romeins Museum en Stad Tongeren.\" \/>\n<meta property=\"og:url\" content=\"https:\/\/galloromeinsmuseum.be\/fr\/declaration-de-confidentialite\/\" \/>\n<meta property=\"og:site_name\" content=\"Gallo-Romeins Museum\" \/>\n<meta property=\"article:publisher\" content=\"https:\/\/nl-nl.facebook.com\/galloromeinsmuseum\" \/>\n<meta property=\"article:modified_time\" content=\"2025-01-29T13:24:08+00:00\" \/>\n<meta property=\"og:image\" content=\"https:\/\/galloromeinsmuseum.be\/wp-content\/uploads\/2022\/09\/GRM-gast_-LD_19404.jpg\" \/>\n\t<meta property=\"og:image:width\" content=\"2364\" \/>\n\t<meta property=\"og:image:height\" content=\"1773\" \/>\n\t<meta property=\"og:image:type\" content=\"image\/jpeg\" \/>\n<meta name=\"twitter:card\" content=\"summary_large_image\" \/>\n<meta name=\"twitter:label1\" content=\"Dur\u00e9e de lecture estim\u00e9e\" \/>\n\t<meta name=\"twitter:data1\" content=\"1 minute\" \/>\n<script type=\"application\/ld+json\" class=\"yoast-schema-graph\">{\"@context\":\"https:\\\/\\\/schema.org\",\"@graph\":[{\"@type\":\"WebPage\",\"@id\":\"https:\\\/\\\/galloromeinsmuseum.be\\\/fr\\\/declaration-de-confidentialite\\\/\",\"url\":\"https:\\\/\\\/galloromeinsmuseum.be\\\/fr\\\/declaration-de-confidentialite\\\/\",\"name\":\"D\u00e9claration de confidentialit\u00e9 - Gallo-Romeins Museum\",\"isPartOf\":{\"@id\":\"https:\\\/\\\/galloromeinsmuseum.be\\\/fr\\\/#website\"},\"primaryImageOfPage\":{\"@id\":\"https:\\\/\\\/galloromeinsmuseum.be\\\/fr\\\/declaration-de-confidentialite\\\/#primaryimage\"},\"image\":{\"@id\":\"https:\\\/\\\/galloromeinsmuseum.be\\\/fr\\\/declaration-de-confidentialite\\\/#primaryimage\"},\"thumbnailUrl\":\"https:\\\/\\\/galloromeinsmuseum.be\\\/wp-content\\\/uploads\\\/2022\\\/09\\\/GRM-gast_-LD_19404.jpg\",\"datePublished\":\"2022-04-19T14:05:16+00:00\",\"dateModified\":\"2025-01-29T13:24:08+00:00\",\"description\":\"Lees hier de privacyverklaring van het Gallo-Romeins Museum en Stad Tongeren.\",\"breadcrumb\":{\"@id\":\"https:\\\/\\\/galloromeinsmuseum.be\\\/fr\\\/declaration-de-confidentialite\\\/#breadcrumb\"},\"inLanguage\":\"fr-FR\",\"potentialAction\":[{\"@type\":\"ReadAction\",\"target\":[\"https:\\\/\\\/galloromeinsmuseum.be\\\/fr\\\/declaration-de-confidentialite\\\/\"]}]},{\"@type\":\"ImageObject\",\"inLanguage\":\"fr-FR\",\"@id\":\"https:\\\/\\\/galloromeinsmuseum.be\\\/fr\\\/declaration-de-confidentialite\\\/#primaryimage\",\"url\":\"https:\\\/\\\/galloromeinsmuseum.be\\\/wp-content\\\/uploads\\\/2022\\\/09\\\/GRM-gast_-LD_19404.jpg\",\"contentUrl\":\"https:\\\/\\\/galloromeinsmuseum.be\\\/wp-content\\\/uploads\\\/2022\\\/09\\\/GRM-gast_-LD_19404.jpg\",\"width\":2364,\"height\":1773,\"caption\":\"Bezoeker met audiogids in het Gallo-Romeins Museum\"},{\"@type\":\"BreadcrumbList\",\"@id\":\"https:\\\/\\\/galloromeinsmuseum.be\\\/fr\\\/declaration-de-confidentialite\\\/#breadcrumb\",\"itemListElement\":[{\"@type\":\"ListItem\",\"position\":1,\"name\":\"Home\",\"item\":\"https:\\\/\\\/galloromeinsmuseum.be\\\/fr\\\/\"},{\"@type\":\"ListItem\",\"position\":2,\"name\":\"D\u00e9claration de confidentialit\u00e9\"}]},{\"@type\":\"WebSite\",\"@id\":\"https:\\\/\\\/galloromeinsmuseum.be\\\/fr\\\/#website\",\"url\":\"https:\\\/\\\/galloromeinsmuseum.be\\\/fr\\\/\",\"name\":\"Gallo-Romeins Museum\",\"description\":\"Ontdek het Gallo-Romeins Museum in Tongeren\",\"publisher\":{\"@id\":\"https:\\\/\\\/galloromeinsmuseum.be\\\/fr\\\/#organization\"},\"potentialAction\":[{\"@type\":\"SearchAction\",\"target\":{\"@type\":\"EntryPoint\",\"urlTemplate\":\"https:\\\/\\\/galloromeinsmuseum.be\\\/fr\\\/?s={search_term_string}\"},\"query-input\":{\"@type\":\"PropertyValueSpecification\",\"valueRequired\":true,\"valueName\":\"search_term_string\"}}],\"inLanguage\":\"fr-FR\"},{\"@type\":\"Organization\",\"@id\":\"https:\\\/\\\/galloromeinsmuseum.be\\\/fr\\\/#organization\",\"name\":\"Gallo-Romeins Museum\",\"url\":\"https:\\\/\\\/galloromeinsmuseum.be\\\/fr\\\/\",\"logo\":{\"@type\":\"ImageObject\",\"inLanguage\":\"fr-FR\",\"@id\":\"https:\\\/\\\/galloromeinsmuseum.be\\\/fr\\\/#\\\/schema\\\/logo\\\/image\\\/\",\"url\":\"https:\\\/\\\/galloromeinsmuseum.be\\\/wp-content\\\/uploads\\\/2022\\\/08\\\/277797852_495797988743765_8794301205321162354_n.jpg\",\"contentUrl\":\"https:\\\/\\\/galloromeinsmuseum.be\\\/wp-content\\\/uploads\\\/2022\\\/08\\\/277797852_495797988743765_8794301205321162354_n.jpg\",\"width\":181,\"height\":263,\"caption\":\"Gallo-Romeins Museum\"},\"image\":{\"@id\":\"https:\\\/\\\/galloromeinsmuseum.be\\\/fr\\\/#\\\/schema\\\/logo\\\/image\\\/\"},\"sameAs\":[\"https:\\\/\\\/nl-nl.facebook.com\\\/galloromeinsmuseum\"]}]}<\/script>\n<!-- \/ Yoast SEO plugin. -->","yoast_head_json":{"title":"D\u00e9claration de confidentialit\u00e9 - Gallo-Romeins Museum","description":"Lees hier de privacyverklaring van het Gallo-Romeins Museum en Stad Tongeren.","robots":{"index":"index","follow":"follow","max-snippet":"max-snippet:-1","max-image-preview":"max-image-preview:large","max-video-preview":"max-video-preview:-1"},"canonical":"https:\/\/galloromeinsmuseum.be\/fr\/declaration-de-confidentialite\/","og_locale":"fr_FR","og_type":"article","og_title":"D\u00e9claration de confidentialit\u00e9 - Gallo-Romeins Museum","og_description":"Lees hier de privacyverklaring van het Gallo-Romeins Museum en Stad Tongeren.","og_url":"https:\/\/galloromeinsmuseum.be\/fr\/declaration-de-confidentialite\/","og_site_name":"Gallo-Romeins Museum","article_publisher":"https:\/\/nl-nl.facebook.com\/galloromeinsmuseum","article_modified_time":"2025-01-29T13:24:08+00:00","og_image":[{"width":2364,"height":1773,"url":"https:\/\/galloromeinsmuseum.be\/wp-content\/uploads\/2022\/09\/GRM-gast_-LD_19404.jpg","type":"image\/jpeg"}],"twitter_card":"summary_large_image","twitter_misc":{"Dur\u00e9e de lecture estim\u00e9e":"1 minute"},"schema":{"@context":"https:\/\/schema.org","@graph":[{"@type":"WebPage","@id":"https:\/\/galloromeinsmuseum.be\/fr\/declaration-de-confidentialite\/","url":"https:\/\/galloromeinsmuseum.be\/fr\/declaration-de-confidentialite\/","name":"D\u00e9claration de confidentialit\u00e9 - Gallo-Romeins Museum","isPartOf":{"@id":"https:\/\/galloromeinsmuseum.be\/fr\/#website"},"primaryImageOfPage":{"@id":"https:\/\/galloromeinsmuseum.be\/fr\/declaration-de-confidentialite\/#primaryimage"},"image":{"@id":"https:\/\/galloromeinsmuseum.be\/fr\/declaration-de-confidentialite\/#primaryimage"},"thumbnailUrl":"https:\/\/galloromeinsmuseum.be\/wp-content\/uploads\/2022\/09\/GRM-gast_-LD_19404.jpg","datePublished":"2022-04-19T14:05:16+00:00","dateModified":"2025-01-29T13:24:08+00:00","description":"Lees hier de privacyverklaring van het Gallo-Romeins Museum en Stad Tongeren.","breadcrumb":{"@id":"https:\/\/galloromeinsmuseum.be\/fr\/declaration-de-confidentialite\/#breadcrumb"},"inLanguage":"fr-FR","potentialAction":[{"@type":"ReadAction","target":["https:\/\/galloromeinsmuseum.be\/fr\/declaration-de-confidentialite\/"]}]},{"@type":"ImageObject","inLanguage":"fr-FR","@id":"https:\/\/galloromeinsmuseum.be\/fr\/declaration-de-confidentialite\/#primaryimage","url":"https:\/\/galloromeinsmuseum.be\/wp-content\/uploads\/2022\/09\/GRM-gast_-LD_19404.jpg","contentUrl":"https:\/\/galloromeinsmuseum.be\/wp-content\/uploads\/2022\/09\/GRM-gast_-LD_19404.jpg","width":2364,"height":1773,"caption":"Bezoeker met audiogids in het Gallo-Romeins Museum"},{"@type":"BreadcrumbList","@id":"https:\/\/galloromeinsmuseum.be\/fr\/declaration-de-confidentialite\/#breadcrumb","itemListElement":[{"@type":"ListItem","position":1,"name":"Home","item":"https:\/\/galloromeinsmuseum.be\/fr\/"},{"@type":"ListItem","position":2,"name":"D\u00e9claration de confidentialit\u00e9"}]},{"@type":"WebSite","@id":"https:\/\/galloromeinsmuseum.be\/fr\/#website","url":"https:\/\/galloromeinsmuseum.be\/fr\/","name":"Gallo-Romeins Museum","description":"Ontdek het Gallo-Romeins Museum in Tongeren","publisher":{"@id":"https:\/\/galloromeinsmuseum.be\/fr\/#organization"},"potentialAction":[{"@type":"SearchAction","target":{"@type":"EntryPoint","urlTemplate":"https:\/\/galloromeinsmuseum.be\/fr\/?s={search_term_string}"},"query-input":{"@type":"PropertyValueSpecification","valueRequired":true,"valueName":"search_term_string"}}],"inLanguage":"fr-FR"},{"@type":"Organization","@id":"https:\/\/galloromeinsmuseum.be\/fr\/#organization","name":"Gallo-Romeins Museum","url":"https:\/\/galloromeinsmuseum.be\/fr\/","logo":{"@type":"ImageObject","inLanguage":"fr-FR","@id":"https:\/\/galloromeinsmuseum.be\/fr\/#\/schema\/logo\/image\/","url":"https:\/\/galloromeinsmuseum.be\/wp-content\/uploads\/2022\/08\/277797852_495797988743765_8794301205321162354_n.jpg","contentUrl":"https:\/\/galloromeinsmuseum.be\/wp-content\/uploads\/2022\/08\/277797852_495797988743765_8794301205321162354_n.jpg","width":181,"height":263,"caption":"Gallo-Romeins Museum"},"image":{"@id":"https:\/\/galloromeinsmuseum.be\/fr\/#\/schema\/logo\/image\/"},"sameAs":["https:\/\/nl-nl.facebook.com\/galloromeinsmuseum"]}]}},"_links":{"self":[{"href":"https:\/\/galloromeinsmuseum.be\/fr\/wp-json\/wp\/v2\/pages\/12501","targetHints":{"allow":["GET"]}}],"collection":[{"href":"https:\/\/galloromeinsmuseum.be\/fr\/wp-json\/wp\/v2\/pages"}],"about":[{"href":"https:\/\/galloromeinsmuseum.be\/fr\/wp-json\/wp\/v2\/types\/page"}],"author":[{"embeddable":true,"href":"https:\/\/galloromeinsmuseum.be\/fr\/wp-json\/wp\/v2\/users\/9"}],"replies":[{"embeddable":true,"href":"https:\/\/galloromeinsmuseum.be\/fr\/wp-json\/wp\/v2\/comments?post=12501"}],"version-history":[{"count":4,"href":"https:\/\/galloromeinsmuseum.be\/fr\/wp-json\/wp\/v2\/pages\/12501\/revisions"}],"predecessor-version":[{"id":13939,"href":"https:\/\/galloromeinsmuseum.be\/fr\/wp-json\/wp\/v2\/pages\/12501\/revisions\/13939"}],"wp:featuredmedia":[{"embeddable":true,"href":"https:\/\/galloromeinsmuseum.be\/fr\/wp-json\/wp\/v2\/media\/3634"}],"wp:attachment":[{"href":"https:\/\/galloromeinsmuseum.be\/fr\/wp-json\/wp\/v2\/media?parent=12501"}],"curies":[{"name":"wp","href":"https:\/\/api.w.org\/{rel}","templated":true}]}}