{"id":15219,"date":"2025-05-19T14:03:46","date_gmt":"2025-05-19T14:03:46","guid":{"rendered":"https:\/\/galloromeinsmuseum.be\/?page_id=15219"},"modified":"2025-05-22T12:13:47","modified_gmt":"2025-05-22T12:13:47","slug":"materiel-photo-expo-arbre-de-vie","status":"publish","type":"page","link":"https:\/\/galloromeinsmuseum.be\/fr\/materiel-photo-expo-arbre-de-vie\/","title":{"rendered":"Mat\u00e9riel photo expo arbre de vie &#8211; l&rsquo;escalade \u00e9volutionnaire du chimpanz\u00e9 philosophe"},"content":{"rendered":"","protected":false},"excerpt":{"rendered":"","protected":false},"author":7,"featured_media":15159,"parent":0,"menu_order":0,"comment_status":"closed","ping_status":"closed","template":"page-detail.php","meta":{"_acf_changed":false,"footnotes":""},"class_list":["post-15219","page","type-page","status-publish","has-post-thumbnail","hentry"],"acf":[],"yoast_head":"<!-- This site is optimized with the Yoast SEO plugin v27.3 - https:\/\/yoast.com\/product\/yoast-seo-wordpress\/ -->\n<title>Mat\u00e9riel photo expo arbre de vie - l&#039;escalade \u00e9volutionnaire du chimpanz\u00e9 philosophe - Gallo-Romeins Museum<\/title>\n<meta name=\"robots\" content=\"index, follow, max-snippet:-1, max-image-preview:large, max-video-preview:-1\" \/>\n<link rel=\"canonical\" href=\"https:\/\/galloromeinsmuseum.be\/fr\/materiel-photo-expo-arbre-de-vie\/\" \/>\n<meta property=\"og:locale\" content=\"fr_FR\" \/>\n<meta property=\"og:type\" content=\"article\" \/>\n<meta property=\"og:title\" content=\"Mat\u00e9riel photo expo arbre de vie - l&#039;escalade \u00e9volutionnaire du chimpanz\u00e9 philosophe - Gallo-Romeins Museum\" \/>\n<meta property=\"og:url\" content=\"https:\/\/galloromeinsmuseum.be\/fr\/materiel-photo-expo-arbre-de-vie\/\" \/>\n<meta property=\"og:site_name\" content=\"Gallo-Romeins Museum\" \/>\n<meta property=\"article:publisher\" content=\"https:\/\/nl-nl.facebook.com\/galloromeinsmuseum\" \/>\n<meta property=\"article:modified_time\" content=\"2025-05-22T12:13:47+00:00\" \/>\n<meta property=\"og:image\" content=\"https:\/\/galloromeinsmuseum.be\/wp-content\/uploads\/2025\/05\/header_boom-mobile.png\" \/>\n\t<meta property=\"og:image:width\" content=\"463\" \/>\n\t<meta property=\"og:image:height\" content=\"297\" \/>\n\t<meta property=\"og:image:type\" content=\"image\/png\" \/>\n<meta name=\"twitter:card\" content=\"summary_large_image\" \/>\n<meta name=\"twitter:label1\" content=\"Dur\u00e9e de lecture estim\u00e9e\" \/>\n\t<meta name=\"twitter:data1\" content=\"1 minute\" \/>\n<script type=\"application\/ld+json\" class=\"yoast-schema-graph\">{\"@context\":\"https:\\\/\\\/schema.org\",\"@graph\":[{\"@type\":\"WebPage\",\"@id\":\"https:\\\/\\\/galloromeinsmuseum.be\\\/fr\\\/materiel-photo-expo-arbre-de-vie\\\/\",\"url\":\"https:\\\/\\\/galloromeinsmuseum.be\\\/fr\\\/materiel-photo-expo-arbre-de-vie\\\/\",\"name\":\"Mat\u00e9riel photo expo arbre de vie - l'escalade \u00e9volutionnaire du chimpanz\u00e9 philosophe - Gallo-Romeins Museum\",\"isPartOf\":{\"@id\":\"https:\\\/\\\/galloromeinsmuseum.be\\\/fr\\\/#website\"},\"primaryImageOfPage\":{\"@id\":\"https:\\\/\\\/galloromeinsmuseum.be\\\/fr\\\/materiel-photo-expo-arbre-de-vie\\\/#primaryimage\"},\"image\":{\"@id\":\"https:\\\/\\\/galloromeinsmuseum.be\\\/fr\\\/materiel-photo-expo-arbre-de-vie\\\/#primaryimage\"},\"thumbnailUrl\":\"https:\\\/\\\/galloromeinsmuseum.be\\\/wp-content\\\/uploads\\\/2025\\\/05\\\/header_boom-mobile.png\",\"datePublished\":\"2025-05-19T14:03:46+00:00\",\"dateModified\":\"2025-05-22T12:13:47+00:00\",\"breadcrumb\":{\"@id\":\"https:\\\/\\\/galloromeinsmuseum.be\\\/fr\\\/materiel-photo-expo-arbre-de-vie\\\/#breadcrumb\"},\"inLanguage\":\"fr-FR\",\"potentialAction\":[{\"@type\":\"ReadAction\",\"target\":[\"https:\\\/\\\/galloromeinsmuseum.be\\\/fr\\\/materiel-photo-expo-arbre-de-vie\\\/\"]}]},{\"@type\":\"ImageObject\",\"inLanguage\":\"fr-FR\",\"@id\":\"https:\\\/\\\/galloromeinsmuseum.be\\\/fr\\\/materiel-photo-expo-arbre-de-vie\\\/#primaryimage\",\"url\":\"https:\\\/\\\/galloromeinsmuseum.be\\\/wp-content\\\/uploads\\\/2025\\\/05\\\/header_boom-mobile.png\",\"contentUrl\":\"https:\\\/\\\/galloromeinsmuseum.be\\\/wp-content\\\/uploads\\\/2025\\\/05\\\/header_boom-mobile.png\",\"width\":463,\"height\":297,\"caption\":\"boom des levens - afbeelding expo\"},{\"@type\":\"BreadcrumbList\",\"@id\":\"https:\\\/\\\/galloromeinsmuseum.be\\\/fr\\\/materiel-photo-expo-arbre-de-vie\\\/#breadcrumb\",\"itemListElement\":[{\"@type\":\"ListItem\",\"position\":1,\"name\":\"Home\",\"item\":\"https:\\\/\\\/galloromeinsmuseum.be\\\/fr\\\/\"},{\"@type\":\"ListItem\",\"position\":2,\"name\":\"Mat\u00e9riel photo expo arbre de vie &#8211; l&#8217;escalade \u00e9volutionnaire du chimpanz\u00e9 philosophe\"}]},{\"@type\":\"WebSite\",\"@id\":\"https:\\\/\\\/galloromeinsmuseum.be\\\/fr\\\/#website\",\"url\":\"https:\\\/\\\/galloromeinsmuseum.be\\\/fr\\\/\",\"name\":\"Gallo-Romeins Museum\",\"description\":\"Ontdek het Gallo-Romeins Museum in Tongeren\",\"publisher\":{\"@id\":\"https:\\\/\\\/galloromeinsmuseum.be\\\/fr\\\/#organization\"},\"potentialAction\":[{\"@type\":\"SearchAction\",\"target\":{\"@type\":\"EntryPoint\",\"urlTemplate\":\"https:\\\/\\\/galloromeinsmuseum.be\\\/fr\\\/?s={search_term_string}\"},\"query-input\":{\"@type\":\"PropertyValueSpecification\",\"valueRequired\":true,\"valueName\":\"search_term_string\"}}],\"inLanguage\":\"fr-FR\"},{\"@type\":\"Organization\",\"@id\":\"https:\\\/\\\/galloromeinsmuseum.be\\\/fr\\\/#organization\",\"name\":\"Gallo-Romeins Museum\",\"url\":\"https:\\\/\\\/galloromeinsmuseum.be\\\/fr\\\/\",\"logo\":{\"@type\":\"ImageObject\",\"inLanguage\":\"fr-FR\",\"@id\":\"https:\\\/\\\/galloromeinsmuseum.be\\\/fr\\\/#\\\/schema\\\/logo\\\/image\\\/\",\"url\":\"https:\\\/\\\/galloromeinsmuseum.be\\\/wp-content\\\/uploads\\\/2022\\\/08\\\/277797852_495797988743765_8794301205321162354_n.jpg\",\"contentUrl\":\"https:\\\/\\\/galloromeinsmuseum.be\\\/wp-content\\\/uploads\\\/2022\\\/08\\\/277797852_495797988743765_8794301205321162354_n.jpg\",\"width\":181,\"height\":263,\"caption\":\"Gallo-Romeins Museum\"},\"image\":{\"@id\":\"https:\\\/\\\/galloromeinsmuseum.be\\\/fr\\\/#\\\/schema\\\/logo\\\/image\\\/\"},\"sameAs\":[\"https:\\\/\\\/nl-nl.facebook.com\\\/galloromeinsmuseum\"]}]}<\/script>\n<!-- \/ Yoast SEO plugin. -->","yoast_head_json":{"title":"Mat\u00e9riel photo expo arbre de vie - l'escalade \u00e9volutionnaire du chimpanz\u00e9 philosophe - Gallo-Romeins Museum","robots":{"index":"index","follow":"follow","max-snippet":"max-snippet:-1","max-image-preview":"max-image-preview:large","max-video-preview":"max-video-preview:-1"},"canonical":"https:\/\/galloromeinsmuseum.be\/fr\/materiel-photo-expo-arbre-de-vie\/","og_locale":"fr_FR","og_type":"article","og_title":"Mat\u00e9riel photo expo arbre de vie - l'escalade \u00e9volutionnaire du chimpanz\u00e9 philosophe - Gallo-Romeins Museum","og_url":"https:\/\/galloromeinsmuseum.be\/fr\/materiel-photo-expo-arbre-de-vie\/","og_site_name":"Gallo-Romeins Museum","article_publisher":"https:\/\/nl-nl.facebook.com\/galloromeinsmuseum","article_modified_time":"2025-05-22T12:13:47+00:00","og_image":[{"width":463,"height":297,"url":"https:\/\/galloromeinsmuseum.be\/wp-content\/uploads\/2025\/05\/header_boom-mobile.png","type":"image\/png"}],"twitter_card":"summary_large_image","twitter_misc":{"Dur\u00e9e de lecture estim\u00e9e":"1 minute"},"schema":{"@context":"https:\/\/schema.org","@graph":[{"@type":"WebPage","@id":"https:\/\/galloromeinsmuseum.be\/fr\/materiel-photo-expo-arbre-de-vie\/","url":"https:\/\/galloromeinsmuseum.be\/fr\/materiel-photo-expo-arbre-de-vie\/","name":"Mat\u00e9riel photo expo arbre de vie - l'escalade \u00e9volutionnaire du chimpanz\u00e9 philosophe - Gallo-Romeins Museum","isPartOf":{"@id":"https:\/\/galloromeinsmuseum.be\/fr\/#website"},"primaryImageOfPage":{"@id":"https:\/\/galloromeinsmuseum.be\/fr\/materiel-photo-expo-arbre-de-vie\/#primaryimage"},"image":{"@id":"https:\/\/galloromeinsmuseum.be\/fr\/materiel-photo-expo-arbre-de-vie\/#primaryimage"},"thumbnailUrl":"https:\/\/galloromeinsmuseum.be\/wp-content\/uploads\/2025\/05\/header_boom-mobile.png","datePublished":"2025-05-19T14:03:46+00:00","dateModified":"2025-05-22T12:13:47+00:00","breadcrumb":{"@id":"https:\/\/galloromeinsmuseum.be\/fr\/materiel-photo-expo-arbre-de-vie\/#breadcrumb"},"inLanguage":"fr-FR","potentialAction":[{"@type":"ReadAction","target":["https:\/\/galloromeinsmuseum.be\/fr\/materiel-photo-expo-arbre-de-vie\/"]}]},{"@type":"ImageObject","inLanguage":"fr-FR","@id":"https:\/\/galloromeinsmuseum.be\/fr\/materiel-photo-expo-arbre-de-vie\/#primaryimage","url":"https:\/\/galloromeinsmuseum.be\/wp-content\/uploads\/2025\/05\/header_boom-mobile.png","contentUrl":"https:\/\/galloromeinsmuseum.be\/wp-content\/uploads\/2025\/05\/header_boom-mobile.png","width":463,"height":297,"caption":"boom des levens - afbeelding expo"},{"@type":"BreadcrumbList","@id":"https:\/\/galloromeinsmuseum.be\/fr\/materiel-photo-expo-arbre-de-vie\/#breadcrumb","itemListElement":[{"@type":"ListItem","position":1,"name":"Home","item":"https:\/\/galloromeinsmuseum.be\/fr\/"},{"@type":"ListItem","position":2,"name":"Mat\u00e9riel photo expo arbre de vie &#8211; l&#8217;escalade \u00e9volutionnaire du chimpanz\u00e9 philosophe"}]},{"@type":"WebSite","@id":"https:\/\/galloromeinsmuseum.be\/fr\/#website","url":"https:\/\/galloromeinsmuseum.be\/fr\/","name":"Gallo-Romeins Museum","description":"Ontdek het Gallo-Romeins Museum in Tongeren","publisher":{"@id":"https:\/\/galloromeinsmuseum.be\/fr\/#organization"},"potentialAction":[{"@type":"SearchAction","target":{"@type":"EntryPoint","urlTemplate":"https:\/\/galloromeinsmuseum.be\/fr\/?s={search_term_string}"},"query-input":{"@type":"PropertyValueSpecification","valueRequired":true,"valueName":"search_term_string"}}],"inLanguage":"fr-FR"},{"@type":"Organization","@id":"https:\/\/galloromeinsmuseum.be\/fr\/#organization","name":"Gallo-Romeins Museum","url":"https:\/\/galloromeinsmuseum.be\/fr\/","logo":{"@type":"ImageObject","inLanguage":"fr-FR","@id":"https:\/\/galloromeinsmuseum.be\/fr\/#\/schema\/logo\/image\/","url":"https:\/\/galloromeinsmuseum.be\/wp-content\/uploads\/2022\/08\/277797852_495797988743765_8794301205321162354_n.jpg","contentUrl":"https:\/\/galloromeinsmuseum.be\/wp-content\/uploads\/2022\/08\/277797852_495797988743765_8794301205321162354_n.jpg","width":181,"height":263,"caption":"Gallo-Romeins Museum"},"image":{"@id":"https:\/\/galloromeinsmuseum.be\/fr\/#\/schema\/logo\/image\/"},"sameAs":["https:\/\/nl-nl.facebook.com\/galloromeinsmuseum"]}]}},"_links":{"self":[{"href":"https:\/\/galloromeinsmuseum.be\/fr\/wp-json\/wp\/v2\/pages\/15219","targetHints":{"allow":["GET"]}}],"collection":[{"href":"https:\/\/galloromeinsmuseum.be\/fr\/wp-json\/wp\/v2\/pages"}],"about":[{"href":"https:\/\/galloromeinsmuseum.be\/fr\/wp-json\/wp\/v2\/types\/page"}],"author":[{"embeddable":true,"href":"https:\/\/galloromeinsmuseum.be\/fr\/wp-json\/wp\/v2\/users\/7"}],"replies":[{"embeddable":true,"href":"https:\/\/galloromeinsmuseum.be\/fr\/wp-json\/wp\/v2\/comments?post=15219"}],"version-history":[{"count":3,"href":"https:\/\/galloromeinsmuseum.be\/fr\/wp-json\/wp\/v2\/pages\/15219\/revisions"}],"predecessor-version":[{"id":15222,"href":"https:\/\/galloromeinsmuseum.be\/fr\/wp-json\/wp\/v2\/pages\/15219\/revisions\/15222"}],"wp:featuredmedia":[{"embeddable":true,"href":"https:\/\/galloromeinsmuseum.be\/fr\/wp-json\/wp\/v2\/media\/15159"}],"wp:attachment":[{"href":"https:\/\/galloromeinsmuseum.be\/fr\/wp-json\/wp\/v2\/media?parent=15219"}],"curies":[{"name":"wp","href":"https:\/\/api.w.org\/{rel}","templated":true}]}}