{"id":3710,"date":"2022-03-31T14:01:51","date_gmt":"2022-03-31T14:01:51","guid":{"rendered":"https:\/\/galloromeinsmuseum.be\/home\/"},"modified":"2026-04-03T10:23:19","modified_gmt":"2026-04-03T10:23:19","slug":"home","status":"publish","type":"page","link":"https:\/\/galloromeinsmuseum.be\/fr\/","title":{"rendered":"Acceuil"},"content":{"rendered":"<p>D\u00e9couvrez les multiples facettes de l&rsquo;histoire de l&rsquo;homme dans la r\u00e9gion, de la pr\u00e9histoire \u00e0 la fin de l&rsquo;\u00e8re romaine au Mus\u00e9e gallo-romain !<\/p>\n","protected":false},"excerpt":{"rendered":"<p>D\u00e9couvrez les multiples facettes de l&rsquo;histoire de l&rsquo;homme dans la r\u00e9gion, de la pr\u00e9histoire \u00e0 la fin de l&rsquo;\u00e8re romaine au Mus\u00e9e gallo-romain !<\/p>\n","protected":false},"author":9,"featured_media":2948,"parent":0,"menu_order":0,"comment_status":"closed","ping_status":"closed","template":"page-home.php","meta":{"_acf_changed":false,"footnotes":""},"class_list":["post-3710","page","type-page","status-publish","has-post-thumbnail","hentry"],"acf":[],"yoast_head":"<!-- This site is optimized with the Yoast SEO plugin v27.3 - https:\/\/yoast.com\/product\/yoast-seo-wordpress\/ -->\n<title>Acceuil - Gallo-Romeins Museum<\/title>\n<meta name=\"description\" content=\"Ontdek het veelzijdige verhaal van de mens in de regio, van de prehistorie tot het einde van de Romeinse tijd in het Gallo-Romeins Museum!\" \/>\n<meta name=\"robots\" content=\"index, follow, max-snippet:-1, max-image-preview:large, max-video-preview:-1\" \/>\n<link rel=\"canonical\" href=\"https:\/\/galloromeinsmuseum.be\/fr\/\" \/>\n<meta property=\"og:locale\" content=\"fr_FR\" \/>\n<meta property=\"og:type\" content=\"article\" \/>\n<meta property=\"og:title\" content=\"Acceuil - Gallo-Romeins Museum\" \/>\n<meta property=\"og:description\" content=\"Ontdek het veelzijdige verhaal van de mens in de regio, van de prehistorie tot het einde van de Romeinse tijd in het Gallo-Romeins Museum!\" \/>\n<meta property=\"og:url\" content=\"https:\/\/galloromeinsmuseum.be\/fr\/\" \/>\n<meta property=\"og:site_name\" content=\"Gallo-Romeins Museum\" \/>\n<meta property=\"article:publisher\" content=\"https:\/\/nl-nl.facebook.com\/galloromeinsmuseum\" \/>\n<meta property=\"article:modified_time\" content=\"2026-04-03T10:23:19+00:00\" \/>\n<meta property=\"og:image\" content=\"https:\/\/galloromeinsmuseum.be\/wp-content\/uploads\/2022\/08\/blokje_algemeen_500x500.jpg\" \/>\n\t<meta property=\"og:image:width\" content=\"500\" \/>\n\t<meta property=\"og:image:height\" content=\"500\" \/>\n\t<meta property=\"og:image:type\" content=\"image\/jpeg\" \/>\n<meta name=\"twitter:card\" content=\"summary_large_image\" \/>\n<meta name=\"twitter:label1\" content=\"Dur\u00e9e de lecture estim\u00e9e\" \/>\n\t<meta name=\"twitter:data1\" content=\"1 minute\" \/>\n<script type=\"application\/ld+json\" class=\"yoast-schema-graph\">{\"@context\":\"https:\\\/\\\/schema.org\",\"@graph\":[{\"@type\":\"WebPage\",\"@id\":\"https:\\\/\\\/galloromeinsmuseum.be\\\/fr\\\/\",\"url\":\"https:\\\/\\\/galloromeinsmuseum.be\\\/fr\\\/\",\"name\":\"Acceuil - Gallo-Romeins Museum\",\"isPartOf\":{\"@id\":\"https:\\\/\\\/galloromeinsmuseum.be\\\/fr\\\/#website\"},\"primaryImageOfPage\":{\"@id\":\"https:\\\/\\\/galloromeinsmuseum.be\\\/fr\\\/#primaryimage\"},\"image\":{\"@id\":\"https:\\\/\\\/galloromeinsmuseum.be\\\/fr\\\/#primaryimage\"},\"thumbnailUrl\":\"https:\\\/\\\/galloromeinsmuseum.be\\\/wp-content\\\/uploads\\\/2022\\\/08\\\/blokje_algemeen_500x500.jpg\",\"datePublished\":\"2022-03-31T14:01:51+00:00\",\"dateModified\":\"2026-04-03T10:23:19+00:00\",\"description\":\"Ontdek het veelzijdige verhaal van de mens in de regio, van de prehistorie tot het einde van de Romeinse tijd in het Gallo-Romeins Museum!\",\"breadcrumb\":{\"@id\":\"https:\\\/\\\/galloromeinsmuseum.be\\\/fr\\\/#breadcrumb\"},\"inLanguage\":\"fr-FR\",\"potentialAction\":[{\"@type\":\"ReadAction\",\"target\":[\"https:\\\/\\\/galloromeinsmuseum.be\\\/fr\\\/\"]}]},{\"@type\":\"ImageObject\",\"inLanguage\":\"fr-FR\",\"@id\":\"https:\\\/\\\/galloromeinsmuseum.be\\\/fr\\\/#primaryimage\",\"url\":\"https:\\\/\\\/galloromeinsmuseum.be\\\/wp-content\\\/uploads\\\/2022\\\/08\\\/blokje_algemeen_500x500.jpg\",\"contentUrl\":\"https:\\\/\\\/galloromeinsmuseum.be\\\/wp-content\\\/uploads\\\/2022\\\/08\\\/blokje_algemeen_500x500.jpg\",\"width\":500,\"height\":500,\"caption\":\"Campagnebeeld van het Gallo-Romeins Museum\"},{\"@type\":\"BreadcrumbList\",\"@id\":\"https:\\\/\\\/galloromeinsmuseum.be\\\/fr\\\/#breadcrumb\",\"itemListElement\":[{\"@type\":\"ListItem\",\"position\":1,\"name\":\"Home\",\"item\":\"https:\\\/\\\/galloromeinsmuseum.be\\\/fr\\\/\"},{\"@type\":\"ListItem\",\"position\":2,\"name\":\"Acceuil\"}]},{\"@type\":\"WebSite\",\"@id\":\"https:\\\/\\\/galloromeinsmuseum.be\\\/fr\\\/#website\",\"url\":\"https:\\\/\\\/galloromeinsmuseum.be\\\/fr\\\/\",\"name\":\"Gallo-Romeins Museum\",\"description\":\"Ontdek het Gallo-Romeins Museum in Tongeren\",\"publisher\":{\"@id\":\"https:\\\/\\\/galloromeinsmuseum.be\\\/fr\\\/#organization\"},\"potentialAction\":[{\"@type\":\"SearchAction\",\"target\":{\"@type\":\"EntryPoint\",\"urlTemplate\":\"https:\\\/\\\/galloromeinsmuseum.be\\\/fr\\\/?s={search_term_string}\"},\"query-input\":{\"@type\":\"PropertyValueSpecification\",\"valueRequired\":true,\"valueName\":\"search_term_string\"}}],\"inLanguage\":\"fr-FR\"},{\"@type\":\"Organization\",\"@id\":\"https:\\\/\\\/galloromeinsmuseum.be\\\/fr\\\/#organization\",\"name\":\"Gallo-Romeins Museum\",\"url\":\"https:\\\/\\\/galloromeinsmuseum.be\\\/fr\\\/\",\"logo\":{\"@type\":\"ImageObject\",\"inLanguage\":\"fr-FR\",\"@id\":\"https:\\\/\\\/galloromeinsmuseum.be\\\/fr\\\/#\\\/schema\\\/logo\\\/image\\\/\",\"url\":\"https:\\\/\\\/galloromeinsmuseum.be\\\/wp-content\\\/uploads\\\/2022\\\/08\\\/277797852_495797988743765_8794301205321162354_n.jpg\",\"contentUrl\":\"https:\\\/\\\/galloromeinsmuseum.be\\\/wp-content\\\/uploads\\\/2022\\\/08\\\/277797852_495797988743765_8794301205321162354_n.jpg\",\"width\":181,\"height\":263,\"caption\":\"Gallo-Romeins Museum\"},\"image\":{\"@id\":\"https:\\\/\\\/galloromeinsmuseum.be\\\/fr\\\/#\\\/schema\\\/logo\\\/image\\\/\"},\"sameAs\":[\"https:\\\/\\\/nl-nl.facebook.com\\\/galloromeinsmuseum\"]}]}<\/script>\n<!-- \/ Yoast SEO plugin. -->","yoast_head_json":{"title":"Acceuil - Gallo-Romeins Museum","description":"Ontdek het veelzijdige verhaal van de mens in de regio, van de prehistorie tot het einde van de Romeinse tijd in het Gallo-Romeins Museum!","robots":{"index":"index","follow":"follow","max-snippet":"max-snippet:-1","max-image-preview":"max-image-preview:large","max-video-preview":"max-video-preview:-1"},"canonical":"https:\/\/galloromeinsmuseum.be\/fr\/","og_locale":"fr_FR","og_type":"article","og_title":"Acceuil - Gallo-Romeins Museum","og_description":"Ontdek het veelzijdige verhaal van de mens in de regio, van de prehistorie tot het einde van de Romeinse tijd in het Gallo-Romeins Museum!","og_url":"https:\/\/galloromeinsmuseum.be\/fr\/","og_site_name":"Gallo-Romeins Museum","article_publisher":"https:\/\/nl-nl.facebook.com\/galloromeinsmuseum","article_modified_time":"2026-04-03T10:23:19+00:00","og_image":[{"width":500,"height":500,"url":"https:\/\/galloromeinsmuseum.be\/wp-content\/uploads\/2022\/08\/blokje_algemeen_500x500.jpg","type":"image\/jpeg"}],"twitter_card":"summary_large_image","twitter_misc":{"Dur\u00e9e de lecture estim\u00e9e":"1 minute"},"schema":{"@context":"https:\/\/schema.org","@graph":[{"@type":"WebPage","@id":"https:\/\/galloromeinsmuseum.be\/fr\/","url":"https:\/\/galloromeinsmuseum.be\/fr\/","name":"Acceuil - Gallo-Romeins Museum","isPartOf":{"@id":"https:\/\/galloromeinsmuseum.be\/fr\/#website"},"primaryImageOfPage":{"@id":"https:\/\/galloromeinsmuseum.be\/fr\/#primaryimage"},"image":{"@id":"https:\/\/galloromeinsmuseum.be\/fr\/#primaryimage"},"thumbnailUrl":"https:\/\/galloromeinsmuseum.be\/wp-content\/uploads\/2022\/08\/blokje_algemeen_500x500.jpg","datePublished":"2022-03-31T14:01:51+00:00","dateModified":"2026-04-03T10:23:19+00:00","description":"Ontdek het veelzijdige verhaal van de mens in de regio, van de prehistorie tot het einde van de Romeinse tijd in het Gallo-Romeins Museum!","breadcrumb":{"@id":"https:\/\/galloromeinsmuseum.be\/fr\/#breadcrumb"},"inLanguage":"fr-FR","potentialAction":[{"@type":"ReadAction","target":["https:\/\/galloromeinsmuseum.be\/fr\/"]}]},{"@type":"ImageObject","inLanguage":"fr-FR","@id":"https:\/\/galloromeinsmuseum.be\/fr\/#primaryimage","url":"https:\/\/galloromeinsmuseum.be\/wp-content\/uploads\/2022\/08\/blokje_algemeen_500x500.jpg","contentUrl":"https:\/\/galloromeinsmuseum.be\/wp-content\/uploads\/2022\/08\/blokje_algemeen_500x500.jpg","width":500,"height":500,"caption":"Campagnebeeld van het Gallo-Romeins Museum"},{"@type":"BreadcrumbList","@id":"https:\/\/galloromeinsmuseum.be\/fr\/#breadcrumb","itemListElement":[{"@type":"ListItem","position":1,"name":"Home","item":"https:\/\/galloromeinsmuseum.be\/fr\/"},{"@type":"ListItem","position":2,"name":"Acceuil"}]},{"@type":"WebSite","@id":"https:\/\/galloromeinsmuseum.be\/fr\/#website","url":"https:\/\/galloromeinsmuseum.be\/fr\/","name":"Gallo-Romeins Museum","description":"Ontdek het Gallo-Romeins Museum in Tongeren","publisher":{"@id":"https:\/\/galloromeinsmuseum.be\/fr\/#organization"},"potentialAction":[{"@type":"SearchAction","target":{"@type":"EntryPoint","urlTemplate":"https:\/\/galloromeinsmuseum.be\/fr\/?s={search_term_string}"},"query-input":{"@type":"PropertyValueSpecification","valueRequired":true,"valueName":"search_term_string"}}],"inLanguage":"fr-FR"},{"@type":"Organization","@id":"https:\/\/galloromeinsmuseum.be\/fr\/#organization","name":"Gallo-Romeins Museum","url":"https:\/\/galloromeinsmuseum.be\/fr\/","logo":{"@type":"ImageObject","inLanguage":"fr-FR","@id":"https:\/\/galloromeinsmuseum.be\/fr\/#\/schema\/logo\/image\/","url":"https:\/\/galloromeinsmuseum.be\/wp-content\/uploads\/2022\/08\/277797852_495797988743765_8794301205321162354_n.jpg","contentUrl":"https:\/\/galloromeinsmuseum.be\/wp-content\/uploads\/2022\/08\/277797852_495797988743765_8794301205321162354_n.jpg","width":181,"height":263,"caption":"Gallo-Romeins Museum"},"image":{"@id":"https:\/\/galloromeinsmuseum.be\/fr\/#\/schema\/logo\/image\/"},"sameAs":["https:\/\/nl-nl.facebook.com\/galloromeinsmuseum"]}]}},"_links":{"self":[{"href":"https:\/\/galloromeinsmuseum.be\/fr\/wp-json\/wp\/v2\/pages\/3710","targetHints":{"allow":["GET"]}}],"collection":[{"href":"https:\/\/galloromeinsmuseum.be\/fr\/wp-json\/wp\/v2\/pages"}],"about":[{"href":"https:\/\/galloromeinsmuseum.be\/fr\/wp-json\/wp\/v2\/types\/page"}],"author":[{"embeddable":true,"href":"https:\/\/galloromeinsmuseum.be\/fr\/wp-json\/wp\/v2\/users\/9"}],"replies":[{"embeddable":true,"href":"https:\/\/galloromeinsmuseum.be\/fr\/wp-json\/wp\/v2\/comments?post=3710"}],"version-history":[{"count":58,"href":"https:\/\/galloromeinsmuseum.be\/fr\/wp-json\/wp\/v2\/pages\/3710\/revisions"}],"predecessor-version":[{"id":17872,"href":"https:\/\/galloromeinsmuseum.be\/fr\/wp-json\/wp\/v2\/pages\/3710\/revisions\/17872"}],"wp:featuredmedia":[{"embeddable":true,"href":"https:\/\/galloromeinsmuseum.be\/fr\/wp-json\/wp\/v2\/media\/2948"}],"wp:attachment":[{"href":"https:\/\/galloromeinsmuseum.be\/fr\/wp-json\/wp\/v2\/media?parent=3710"}],"curies":[{"name":"wp","href":"https:\/\/api.w.org\/{rel}","templated":true}]}}