{"id":6182,"date":"2023-06-27T14:23:03","date_gmt":"2023-06-27T14:23:03","guid":{"rendered":"https:\/\/galloromeinsmuseum.be\/nieuwsbrief\/"},"modified":"2026-04-02T12:29:07","modified_gmt":"2026-04-02T12:29:07","slug":"e-newsletter","status":"publish","type":"page","link":"https:\/\/galloromeinsmuseum.be\/fr\/e-newsletter\/","title":{"rendered":"e-newsletter"},"content":{"rendered":"<p>Vous souhaitez \u00eatre tenu au courant des activit\u00e9s du Mus\u00e9e gallo-romain ? Abonnez-vous \u00e0 notre bulletin d&rsquo;information.<\/p>\n","protected":false},"excerpt":{"rendered":"<p>Vous souhaitez \u00eatre tenu au courant des activit\u00e9s du Mus\u00e9e gallo-romain ? Abonnez-vous \u00e0 notre bulletin d&rsquo;information.<\/p>\n","protected":false},"author":4,"featured_media":1525,"parent":0,"menu_order":0,"comment_status":"closed","ping_status":"closed","template":"page-detail.php","meta":{"_acf_changed":false,"footnotes":""},"class_list":["post-6182","page","type-page","status-publish","has-post-thumbnail","hentry"],"acf":[],"yoast_head":"<!-- This site is optimized with the Yoast SEO plugin v27.4 - https:\/\/yoast.com\/product\/yoast-seo-wordpress\/ -->\n<title>e-newsletter - Gallo-Romeins Museum<\/title>\n<meta name=\"robots\" content=\"index, follow, max-snippet:-1, max-image-preview:large, max-video-preview:-1\" \/>\n<link rel=\"canonical\" href=\"https:\/\/galloromeinsmuseum.be\/fr\/e-newsletter\/\" \/>\n<meta property=\"og:locale\" content=\"fr_FR\" \/>\n<meta property=\"og:type\" content=\"article\" \/>\n<meta property=\"og:title\" content=\"e-newsletter - Gallo-Romeins Museum\" \/>\n<meta property=\"og:description\" content=\"Vous souhaitez \u00eatre tenu au courant des activit\u00e9s du Mus\u00e9e gallo-romain ? Abonnez-vous \u00e0 notre bulletin d&rsquo;information.\" \/>\n<meta property=\"og:url\" content=\"https:\/\/galloromeinsmuseum.be\/fr\/e-newsletter\/\" \/>\n<meta property=\"og:site_name\" content=\"Gallo-Romeins Museum\" \/>\n<meta property=\"article:publisher\" content=\"https:\/\/nl-nl.facebook.com\/galloromeinsmuseum\" \/>\n<meta property=\"article:modified_time\" content=\"2026-04-02T12:29:07+00:00\" \/>\n<meta property=\"og:image\" content=\"https:\/\/galloromeinsmuseum.be\/wp-content\/uploads\/2022\/06\/nieuws_nieuw_1200x350.jpeg\" \/>\n\t<meta property=\"og:image:width\" content=\"1200\" \/>\n\t<meta property=\"og:image:height\" content=\"350\" \/>\n\t<meta property=\"og:image:type\" content=\"image\/jpeg\" \/>\n<meta name=\"twitter:card\" content=\"summary_large_image\" \/>\n<meta name=\"twitter:label1\" content=\"Dur\u00e9e de lecture estim\u00e9e\" \/>\n\t<meta name=\"twitter:data1\" content=\"1 minute\" \/>\n<script type=\"application\/ld+json\" class=\"yoast-schema-graph\">{\"@context\":\"https:\\\/\\\/schema.org\",\"@graph\":[{\"@type\":\"WebPage\",\"@id\":\"https:\\\/\\\/galloromeinsmuseum.be\\\/fr\\\/e-newsletter\\\/\",\"url\":\"https:\\\/\\\/galloromeinsmuseum.be\\\/fr\\\/e-newsletter\\\/\",\"name\":\"e-newsletter - Gallo-Romeins Museum\",\"isPartOf\":{\"@id\":\"https:\\\/\\\/galloromeinsmuseum.be\\\/fr\\\/#website\"},\"primaryImageOfPage\":{\"@id\":\"https:\\\/\\\/galloromeinsmuseum.be\\\/fr\\\/e-newsletter\\\/#primaryimage\"},\"image\":{\"@id\":\"https:\\\/\\\/galloromeinsmuseum.be\\\/fr\\\/e-newsletter\\\/#primaryimage\"},\"thumbnailUrl\":\"https:\\\/\\\/galloromeinsmuseum.be\\\/wp-content\\\/uploads\\\/2022\\\/06\\\/nieuws_nieuw_1200x350.jpeg\",\"datePublished\":\"2023-06-27T14:23:03+00:00\",\"dateModified\":\"2026-04-02T12:29:07+00:00\",\"breadcrumb\":{\"@id\":\"https:\\\/\\\/galloromeinsmuseum.be\\\/fr\\\/e-newsletter\\\/#breadcrumb\"},\"inLanguage\":\"fr-FR\",\"potentialAction\":[{\"@type\":\"ReadAction\",\"target\":[\"https:\\\/\\\/galloromeinsmuseum.be\\\/fr\\\/e-newsletter\\\/\"]}]},{\"@type\":\"ImageObject\",\"inLanguage\":\"fr-FR\",\"@id\":\"https:\\\/\\\/galloromeinsmuseum.be\\\/fr\\\/e-newsletter\\\/#primaryimage\",\"url\":\"https:\\\/\\\/galloromeinsmuseum.be\\\/wp-content\\\/uploads\\\/2022\\\/06\\\/nieuws_nieuw_1200x350.jpeg\",\"contentUrl\":\"https:\\\/\\\/galloromeinsmuseum.be\\\/wp-content\\\/uploads\\\/2022\\\/06\\\/nieuws_nieuw_1200x350.jpeg\",\"width\":1200,\"height\":350,\"caption\":\"Nieuwsbrief\"},{\"@type\":\"BreadcrumbList\",\"@id\":\"https:\\\/\\\/galloromeinsmuseum.be\\\/fr\\\/e-newsletter\\\/#breadcrumb\",\"itemListElement\":[{\"@type\":\"ListItem\",\"position\":1,\"name\":\"Home\",\"item\":\"https:\\\/\\\/galloromeinsmuseum.be\\\/fr\\\/\"},{\"@type\":\"ListItem\",\"position\":2,\"name\":\"e-newsletter\"}]},{\"@type\":\"WebSite\",\"@id\":\"https:\\\/\\\/galloromeinsmuseum.be\\\/fr\\\/#website\",\"url\":\"https:\\\/\\\/galloromeinsmuseum.be\\\/fr\\\/\",\"name\":\"Gallo-Romeins Museum\",\"description\":\"Ontdek het Gallo-Romeins Museum in Tongeren\",\"publisher\":{\"@id\":\"https:\\\/\\\/galloromeinsmuseum.be\\\/fr\\\/#organization\"},\"potentialAction\":[{\"@type\":\"SearchAction\",\"target\":{\"@type\":\"EntryPoint\",\"urlTemplate\":\"https:\\\/\\\/galloromeinsmuseum.be\\\/fr\\\/?s={search_term_string}\"},\"query-input\":{\"@type\":\"PropertyValueSpecification\",\"valueRequired\":true,\"valueName\":\"search_term_string\"}}],\"inLanguage\":\"fr-FR\"},{\"@type\":\"Organization\",\"@id\":\"https:\\\/\\\/galloromeinsmuseum.be\\\/fr\\\/#organization\",\"name\":\"Gallo-Romeins Museum\",\"url\":\"https:\\\/\\\/galloromeinsmuseum.be\\\/fr\\\/\",\"logo\":{\"@type\":\"ImageObject\",\"inLanguage\":\"fr-FR\",\"@id\":\"https:\\\/\\\/galloromeinsmuseum.be\\\/fr\\\/#\\\/schema\\\/logo\\\/image\\\/\",\"url\":\"https:\\\/\\\/galloromeinsmuseum.be\\\/wp-content\\\/uploads\\\/2022\\\/08\\\/277797852_495797988743765_8794301205321162354_n.jpg\",\"contentUrl\":\"https:\\\/\\\/galloromeinsmuseum.be\\\/wp-content\\\/uploads\\\/2022\\\/08\\\/277797852_495797988743765_8794301205321162354_n.jpg\",\"width\":181,\"height\":263,\"caption\":\"Gallo-Romeins Museum\"},\"image\":{\"@id\":\"https:\\\/\\\/galloromeinsmuseum.be\\\/fr\\\/#\\\/schema\\\/logo\\\/image\\\/\"},\"sameAs\":[\"https:\\\/\\\/nl-nl.facebook.com\\\/galloromeinsmuseum\"]}]}<\/script>\n<!-- \/ Yoast SEO plugin. -->","yoast_head_json":{"title":"e-newsletter - Gallo-Romeins Museum","robots":{"index":"index","follow":"follow","max-snippet":"max-snippet:-1","max-image-preview":"max-image-preview:large","max-video-preview":"max-video-preview:-1"},"canonical":"https:\/\/galloromeinsmuseum.be\/fr\/e-newsletter\/","og_locale":"fr_FR","og_type":"article","og_title":"e-newsletter - Gallo-Romeins Museum","og_description":"Vous souhaitez \u00eatre tenu au courant des activit\u00e9s du Mus\u00e9e gallo-romain ? Abonnez-vous \u00e0 notre bulletin d&rsquo;information.","og_url":"https:\/\/galloromeinsmuseum.be\/fr\/e-newsletter\/","og_site_name":"Gallo-Romeins Museum","article_publisher":"https:\/\/nl-nl.facebook.com\/galloromeinsmuseum","article_modified_time":"2026-04-02T12:29:07+00:00","og_image":[{"width":1200,"height":350,"url":"https:\/\/galloromeinsmuseum.be\/wp-content\/uploads\/2022\/06\/nieuws_nieuw_1200x350.jpeg","type":"image\/jpeg"}],"twitter_card":"summary_large_image","twitter_misc":{"Dur\u00e9e de lecture estim\u00e9e":"1 minute"},"schema":{"@context":"https:\/\/schema.org","@graph":[{"@type":"WebPage","@id":"https:\/\/galloromeinsmuseum.be\/fr\/e-newsletter\/","url":"https:\/\/galloromeinsmuseum.be\/fr\/e-newsletter\/","name":"e-newsletter - Gallo-Romeins Museum","isPartOf":{"@id":"https:\/\/galloromeinsmuseum.be\/fr\/#website"},"primaryImageOfPage":{"@id":"https:\/\/galloromeinsmuseum.be\/fr\/e-newsletter\/#primaryimage"},"image":{"@id":"https:\/\/galloromeinsmuseum.be\/fr\/e-newsletter\/#primaryimage"},"thumbnailUrl":"https:\/\/galloromeinsmuseum.be\/wp-content\/uploads\/2022\/06\/nieuws_nieuw_1200x350.jpeg","datePublished":"2023-06-27T14:23:03+00:00","dateModified":"2026-04-02T12:29:07+00:00","breadcrumb":{"@id":"https:\/\/galloromeinsmuseum.be\/fr\/e-newsletter\/#breadcrumb"},"inLanguage":"fr-FR","potentialAction":[{"@type":"ReadAction","target":["https:\/\/galloromeinsmuseum.be\/fr\/e-newsletter\/"]}]},{"@type":"ImageObject","inLanguage":"fr-FR","@id":"https:\/\/galloromeinsmuseum.be\/fr\/e-newsletter\/#primaryimage","url":"https:\/\/galloromeinsmuseum.be\/wp-content\/uploads\/2022\/06\/nieuws_nieuw_1200x350.jpeg","contentUrl":"https:\/\/galloromeinsmuseum.be\/wp-content\/uploads\/2022\/06\/nieuws_nieuw_1200x350.jpeg","width":1200,"height":350,"caption":"Nieuwsbrief"},{"@type":"BreadcrumbList","@id":"https:\/\/galloromeinsmuseum.be\/fr\/e-newsletter\/#breadcrumb","itemListElement":[{"@type":"ListItem","position":1,"name":"Home","item":"https:\/\/galloromeinsmuseum.be\/fr\/"},{"@type":"ListItem","position":2,"name":"e-newsletter"}]},{"@type":"WebSite","@id":"https:\/\/galloromeinsmuseum.be\/fr\/#website","url":"https:\/\/galloromeinsmuseum.be\/fr\/","name":"Gallo-Romeins Museum","description":"Ontdek het Gallo-Romeins Museum in Tongeren","publisher":{"@id":"https:\/\/galloromeinsmuseum.be\/fr\/#organization"},"potentialAction":[{"@type":"SearchAction","target":{"@type":"EntryPoint","urlTemplate":"https:\/\/galloromeinsmuseum.be\/fr\/?s={search_term_string}"},"query-input":{"@type":"PropertyValueSpecification","valueRequired":true,"valueName":"search_term_string"}}],"inLanguage":"fr-FR"},{"@type":"Organization","@id":"https:\/\/galloromeinsmuseum.be\/fr\/#organization","name":"Gallo-Romeins Museum","url":"https:\/\/galloromeinsmuseum.be\/fr\/","logo":{"@type":"ImageObject","inLanguage":"fr-FR","@id":"https:\/\/galloromeinsmuseum.be\/fr\/#\/schema\/logo\/image\/","url":"https:\/\/galloromeinsmuseum.be\/wp-content\/uploads\/2022\/08\/277797852_495797988743765_8794301205321162354_n.jpg","contentUrl":"https:\/\/galloromeinsmuseum.be\/wp-content\/uploads\/2022\/08\/277797852_495797988743765_8794301205321162354_n.jpg","width":181,"height":263,"caption":"Gallo-Romeins Museum"},"image":{"@id":"https:\/\/galloromeinsmuseum.be\/fr\/#\/schema\/logo\/image\/"},"sameAs":["https:\/\/nl-nl.facebook.com\/galloromeinsmuseum"]}]}},"_links":{"self":[{"href":"https:\/\/galloromeinsmuseum.be\/fr\/wp-json\/wp\/v2\/pages\/6182","targetHints":{"allow":["GET"]}}],"collection":[{"href":"https:\/\/galloromeinsmuseum.be\/fr\/wp-json\/wp\/v2\/pages"}],"about":[{"href":"https:\/\/galloromeinsmuseum.be\/fr\/wp-json\/wp\/v2\/types\/page"}],"author":[{"embeddable":true,"href":"https:\/\/galloromeinsmuseum.be\/fr\/wp-json\/wp\/v2\/users\/4"}],"replies":[{"embeddable":true,"href":"https:\/\/galloromeinsmuseum.be\/fr\/wp-json\/wp\/v2\/comments?post=6182"}],"version-history":[{"count":3,"href":"https:\/\/galloromeinsmuseum.be\/fr\/wp-json\/wp\/v2\/pages\/6182\/revisions"}],"predecessor-version":[{"id":17853,"href":"https:\/\/galloromeinsmuseum.be\/fr\/wp-json\/wp\/v2\/pages\/6182\/revisions\/17853"}],"wp:featuredmedia":[{"embeddable":true,"href":"https:\/\/galloromeinsmuseum.be\/fr\/wp-json\/wp\/v2\/media\/1525"}],"wp:attachment":[{"href":"https:\/\/galloromeinsmuseum.be\/fr\/wp-json\/wp\/v2\/media?parent=6182"}],"curies":[{"name":"wp","href":"https:\/\/api.w.org\/{rel}","templated":true}]}}